{"id":204,"date":"2024-11-08T17:23:49","date_gmt":"2024-11-08T20:23:49","guid":{"rendered":"https:\/\/ottani.com.br\/site\/?page_id=204"},"modified":"2025-04-28T17:10:29","modified_gmt":"2025-04-28T20:10:29","slug":"parada-programada","status":"publish","type":"page","link":"https:\/\/ottani.com.br\/es\/parada-programada\/","title":{"rendered":"Parada Programada"},"content":{"rendered":"\t\t<div data-elementor-type=\"wp-page\" data-elementor-id=\"204\" class=\"elementor elementor-204\" data-elementor-post-type=\"page\">\n\t\t\t\t<div class=\"elementor-element elementor-element-c23cedf e-flex e-con-boxed e-con e-parent\" data-id=\"c23cedf\" data-element_type=\"container\" data-settings=\"{&quot;background_background&quot;:&quot;classic&quot;}\">\n\t\t\t\t\t<div class=\"e-con-inner\">\n\t\t\t\t<div class=\"elementor-element elementor-element-33f4083 elementor-widget elementor-widget-heading\" data-id=\"33f4083\" data-element_type=\"widget\" data-widget_type=\"heading.default\">\n\t\t\t\t<div class=\"elementor-widget-container\">\n\t\t\t\t\t<h2 class=\"elementor-heading-title elementor-size-default\">Parada programada<\/h2>\t\t\t\t<\/div>\n\t\t\t\t<\/div>\n\t\t\t\t\t<\/div>\n\t\t\t\t<\/div>\n\t\t<div class=\"elementor-element elementor-element-b03a0f8 e-flex e-con-boxed e-con e-parent\" data-id=\"b03a0f8\" data-element_type=\"container\">\n\t\t\t\t\t<div class=\"e-con-inner\">\n\t\t<div class=\"elementor-element elementor-element-6d03b33 e-con-full e-flex e-con e-child\" data-id=\"6d03b33\" data-element_type=\"container\">\n\t\t\t\t<div class=\"elementor-element elementor-element-d1d6101 elementor-widget elementor-widget-heading\" data-id=\"d1d6101\" data-element_type=\"widget\" data-widget_type=\"heading.default\">\n\t\t\t\t<div class=\"elementor-widget-container\">\n\t\t\t\t\t<h2 class=\"elementor-heading-title elementor-size-default\">\nGesti\u00f3n estrat\u00e9gica de paradas para alto rendimiento industrial<\/h2>\t\t\t\t<\/div>\n\t\t\t\t<\/div>\n\t\t\t\t<div class=\"elementor-element elementor-element-415425f elementor-widget-tablet__width-initial elementor-widget elementor-widget-text-editor\" data-id=\"415425f\" data-element_type=\"widget\" data-widget_type=\"text-editor.default\">\n\t\t\t\t<div class=\"elementor-widget-container\">\n\t\t\t\t\t\t\t\t\t<p class=\"\" data-start=\"104\" data-end=\"756\">Gesti\u00f3n estrat\u00e9gica de paradas para alto rendimiento industrial<br data-start=\"191\" data-end=\"194\" \/>Las Paradas Programadas de Ottani son cruciales para asegurar el mantenimiento adecuado y la eficiencia continua de los procesos industriales. Durante estas paradas, realizamos inspecciones, reparaciones y sustituciones de componentes en plazos previamente planificados, evitando imprevistos e interrupciones inesperadas. Nuestro equipo altamente calificado act\u00faa con precisi\u00f3n para minimizar el impacto en la producci\u00f3n, garantizando que los equipos est\u00e9n en perfectas condiciones para operar de manera confiable y segura a lo largo de todo el ciclo productivo.<\/p><p class=\"\" data-start=\"758\" data-end=\"1206\">Con una amplia experiencia y know-how acumulado en m\u00e1s de cuatro d\u00e9cadas de actuaci\u00f3n, Ottani entiende la importancia de la planificaci\u00f3n estrat\u00e9gica durante las paradas. Contamos con un equipo especializado para ejecutar todas las etapas necesarias, desde el diagn\u00f3stico y la planificaci\u00f3n detallada hasta la ejecuci\u00f3n r\u00e1pida y eficiente de los servicios, lo que resulta en menor tiempo de inactividad y mayor productividad para nuestros clientes.<\/p>\t\t\t\t\t\t\t\t<\/div>\n\t\t\t\t<\/div>\n\t\t\t\t<\/div>\n\t\t<div class=\"elementor-element elementor-element-304acf4 e-con-full e-flex e-con e-child\" data-id=\"304acf4\" data-element_type=\"container\">\n\t\t\t\t<div class=\"elementor-element elementor-element-9c5c6fd elementor-widget elementor-widget-image\" data-id=\"9c5c6fd\" data-element_type=\"widget\" data-widget_type=\"image.default\">\n\t\t\t\t<div class=\"elementor-widget-container\">\n\t\t\t\t\t\t\t\t\t\t\t\t\t\t\t<img fetchpriority=\"high\" decoding=\"async\" width=\"800\" height=\"512\" src=\"https:\/\/ottani.com.br\/es\/wp-content\/uploads\/2025\/02\/Fabricacao-e-Montagem-Rosca-Caldeira-2.jpg\" class=\"attachment-large size-large wp-image-1303\" alt=\"Instalaci\u00f3n de rosca helicoidal\" srcset=\"https:\/\/ottani.com.br\/es\/wp-content\/uploads\/2025\/02\/Fabricacao-e-Montagem-Rosca-Caldeira-2.jpg 810w, https:\/\/ottani.com.br\/es\/wp-content\/uploads\/2025\/02\/Fabricacao-e-Montagem-Rosca-Caldeira-2-300x192.jpg 300w, https:\/\/ottani.com.br\/es\/wp-content\/uploads\/2025\/02\/Fabricacao-e-Montagem-Rosca-Caldeira-2-768x491.jpg 768w\" sizes=\"(max-width: 800px) 100vw, 800px\" \/>\t\t\t\t\t\t\t\t\t\t\t\t\t\t\t<\/div>\n\t\t\t\t<\/div>\n\t\t\t\t<div class=\"elementor-element elementor-element-6dac198 elementor-mobile-align-justify elementor-align-justify elementor-widget elementor-widget-button\" data-id=\"6dac198\" data-element_type=\"widget\" data-widget_type=\"button.default\">\n\t\t\t\t<div class=\"elementor-widget-container\">\n\t\t\t\t\t\t\t\t\t<div class=\"elementor-button-wrapper\">\n\t\t\t\t\t<a class=\"elementor-button elementor-button-link elementor-size-sm\" href=\"https:\/\/ottani.com.br\/es\/contacto\/\">\n\t\t\t\t\t\t<span class=\"elementor-button-content-wrapper\">\n\t\t\t\t\t\t\t\t\t<span class=\"elementor-button-text\">Solicite una cotizaci\u00f3n<\/span>\n\t\t\t\t\t<\/span>\n\t\t\t\t\t<\/a>\n\t\t\t\t<\/div>\n\t\t\t\t\t\t\t\t<\/div>\n\t\t\t\t<\/div>\n\t\t\t\t<\/div>\n\t\t\t\t\t<\/div>\n\t\t\t\t<\/div>\n\t\t<div class=\"elementor-element elementor-element-c4ca314 e-flex e-con-boxed e-con e-parent\" data-id=\"c4ca314\" data-element_type=\"container\" data-settings=\"{&quot;background_background&quot;:&quot;classic&quot;}\">\n\t\t\t\t\t<div class=\"e-con-inner\">\n\t\t\t\t<div class=\"elementor-element elementor-element-387b19e elementor-widget elementor-widget-heading\" data-id=\"387b19e\" data-element_type=\"widget\" data-widget_type=\"heading.default\">\n\t\t\t\t<div class=\"elementor-widget-container\">\n\t\t\t\t\t<h2 class=\"elementor-heading-title elementor-size-default\">Diferenciales<\/h2>\t\t\t\t<\/div>\n\t\t\t\t<\/div>\n\t\t<div class=\"elementor-element elementor-element-ce631e6 e-con-full e-flex e-con e-child\" data-id=\"ce631e6\" data-element_type=\"container\">\n\t\t<div class=\"elementor-element elementor-element-ef94843 e-con-full e-flex e-con e-child\" data-id=\"ef94843\" data-element_type=\"container\" data-settings=\"{&quot;background_background&quot;:&quot;classic&quot;}\">\n\t\t\t\t<div class=\"elementor-element elementor-element-f2ec8fa elementor-widget elementor-widget-heading\" data-id=\"f2ec8fa\" data-element_type=\"widget\" data-widget_type=\"heading.default\">\n\t\t\t\t<div class=\"elementor-widget-container\">\n\t\t\t\t\t<h3 class=\"elementor-heading-title elementor-size-default\">Planificaci\u00f3n detallada<\/h3>\t\t\t\t<\/div>\n\t\t\t\t<\/div>\n\t\t\t\t<div class=\"elementor-element elementor-element-03d52c3 elementor-widget-tablet__width-initial elementor-widget elementor-widget-text-editor\" data-id=\"03d52c3\" data-element_type=\"widget\" data-widget_type=\"text-editor.default\">\n\t\t\t\t<div class=\"elementor-widget-container\">\n\t\t\t\t\t\t\t\t\t<p>Con base en un an\u00e1lisis minucioso de las condiciones de los equipos, nuestro equipo desarrolla un plan para garantizar la m\u00e1xima eficiencia y la m\u00ednima interferencia en la producci\u00f3n.<\/p>\t\t\t\t\t\t\t\t<\/div>\n\t\t\t\t<\/div>\n\t\t\t\t<\/div>\n\t\t<div class=\"elementor-element elementor-element-53f7934 e-con-full e-flex e-con e-child\" data-id=\"53f7934\" data-element_type=\"container\" data-settings=\"{&quot;background_background&quot;:&quot;classic&quot;}\">\n\t\t\t\t<div class=\"elementor-element elementor-element-c1c21b2 elementor-widget elementor-widget-heading\" data-id=\"c1c21b2\" data-element_type=\"widget\" data-widget_type=\"heading.default\">\n\t\t\t\t<div class=\"elementor-widget-container\">\n\t\t\t\t\t<h3 class=\"elementor-heading-title elementor-size-default\">Ejecuci\u00f3n r\u00e1pida y segura<\/h3>\t\t\t\t<\/div>\n\t\t\t\t<\/div>\n\t\t\t\t<div class=\"elementor-element elementor-element-11f6d50 elementor-widget-tablet__width-initial elementor-widget elementor-widget-text-editor\" data-id=\"11f6d50\" data-element_type=\"widget\" data-widget_type=\"text-editor.default\">\n\t\t\t\t<div class=\"elementor-widget-container\">\n\t\t\t\t\t\t\t\t\t<p>Nuestro equipo est\u00e1 capacitado para ejecutar cada etapa de la parada programada de forma \u00e1gil, segura y precisa, minimizando los impactos en el cronograma productivo de las operaciones.<\/p>\t\t\t\t\t\t\t\t<\/div>\n\t\t\t\t<\/div>\n\t\t\t\t<\/div>\n\t\t<div class=\"elementor-element elementor-element-dab62a1 e-con-full e-flex e-con e-child\" data-id=\"dab62a1\" data-element_type=\"container\" data-settings=\"{&quot;background_background&quot;:&quot;classic&quot;}\">\n\t\t\t\t<div class=\"elementor-element elementor-element-964da6b elementor-widget elementor-widget-heading\" data-id=\"964da6b\" data-element_type=\"widget\" data-widget_type=\"heading.default\">\n\t\t\t\t<div class=\"elementor-widget-container\">\n\t\t\t\t\t<h3 class=\"elementor-heading-title elementor-size-default\">Garant\u00eda de confiabilidad<\/h3>\t\t\t\t<\/div>\n\t\t\t\t<\/div>\n\t\t\t\t<div class=\"elementor-element elementor-element-bf5253e elementor-widget-tablet__width-initial elementor-widget elementor-widget-text-editor\" data-id=\"bf5253e\" data-element_type=\"widget\" data-widget_type=\"text-editor.default\">\n\t\t\t\t<div class=\"elementor-widget-container\">\n\t\t\t\t\t\t\t\t\t<p>Las paradas programadas aseguran la confiabilidad de los equipos, prolongan su vida \u00fatil y reducen la probabilidad de fallos inesperados.<\/p>\t\t\t\t\t\t\t\t<\/div>\n\t\t\t\t<\/div>\n\t\t\t\t<\/div>\n\t\t\t\t<\/div>\n\t\t\t\t\t<\/div>\n\t\t\t\t<\/div>\n\t\t<div class=\"elementor-element elementor-element-606022b e-flex e-con-boxed e-con e-parent\" data-id=\"606022b\" data-element_type=\"container\" data-settings=\"{&quot;background_background&quot;:&quot;classic&quot;}\">\n\t\t\t\t\t<div class=\"e-con-inner\">\n\t\t\t\t<div class=\"elementor-element elementor-element-0f45ece elementor-widget elementor-widget-heading\" data-id=\"0f45ece\" data-element_type=\"widget\" data-widget_type=\"heading.default\">\n\t\t\t\t<div class=\"elementor-widget-container\">\n\t\t\t\t\t<h2 class=\"elementor-heading-title elementor-size-default\">Servicios relacionados<\/h2>\t\t\t\t<\/div>\n\t\t\t\t<\/div>\n\t\t<div class=\"elementor-element elementor-element-40b0025 e-con-full e-flex e-con e-child\" data-id=\"40b0025\" data-element_type=\"container\">\n\t\t<div class=\"elementor-element elementor-element-8c744b8 e-con-full e-flex e-con e-child\" data-id=\"8c744b8\" data-element_type=\"container\" data-settings=\"{&quot;background_background&quot;:&quot;classic&quot;}\">\n\t\t\t\t<div class=\"elementor-element elementor-element-3b8fb9e elementor-widget elementor-widget-image\" data-id=\"3b8fb9e\" data-element_type=\"widget\" data-widget_type=\"image.default\">\n\t\t\t\t<div class=\"elementor-widget-container\">\n\t\t\t\t\t\t\t\t\t\t\t\t\t\t\t\t<a href=\"https:\/\/ottani.com.br\/es\/montagem-e-instalacao\/\">\n\t\t\t\t\t\t\t<img decoding=\"async\" width=\"550\" height=\"350\" src=\"https:\/\/ottani.com.br\/es\/wp-content\/uploads\/2024\/11\/manutencao-industrial-home-1.jpg\" class=\"attachment-large size-large wp-image-330\" alt=\"Mantenimiento industrial\" srcset=\"https:\/\/ottani.com.br\/es\/wp-content\/uploads\/2024\/11\/manutencao-industrial-home-1.jpg 550w, https:\/\/ottani.com.br\/es\/wp-content\/uploads\/2024\/11\/manutencao-industrial-home-1-300x191.jpg 300w\" sizes=\"(max-width: 550px) 100vw, 550px\" \/>\t\t\t\t\t\t\t\t<\/a>\n\t\t\t\t\t\t\t\t\t\t\t\t\t\t\t<\/div>\n\t\t\t\t<\/div>\n\t\t\t\t<div class=\"elementor-element elementor-element-e0612ca elementor-widget elementor-widget-heading\" data-id=\"e0612ca\" data-element_type=\"widget\" data-widget_type=\"heading.default\">\n\t\t\t\t<div class=\"elementor-widget-container\">\n\t\t\t\t\t<h2 class=\"elementor-heading-title elementor-size-default\">Mantenimiento industrial<\/h2>\t\t\t\t<\/div>\n\t\t\t\t<\/div>\n\t\t\t\t<div class=\"elementor-element elementor-element-2faa6de elementor-widget elementor-widget-text-editor\" data-id=\"2faa6de\" data-element_type=\"widget\" data-widget_type=\"text-editor.default\">\n\t\t\t\t<div class=\"elementor-widget-container\">\n\t\t\t\t\t\t\t\t\t<p>Mantenimiento industrial planificado y correctivo, preservando la confiabilidad de los equipos y el alto rendimiento productivo.<\/p>\t\t\t\t\t\t\t\t<\/div>\n\t\t\t\t<\/div>\n\t\t\t\t<div class=\"elementor-element elementor-element-54f0113 elementor-align-justify elementor-widget elementor-widget-button\" data-id=\"54f0113\" data-element_type=\"widget\" data-widget_type=\"button.default\">\n\t\t\t\t<div class=\"elementor-widget-container\">\n\t\t\t\t\t\t\t\t\t<div class=\"elementor-button-wrapper\">\n\t\t\t\t\t<a class=\"elementor-button elementor-button-link elementor-size-sm\" href=\"https:\/\/ottani.com.br\/es\/mantenimiento-industrial\/\">\n\t\t\t\t\t\t<span class=\"elementor-button-content-wrapper\">\n\t\t\t\t\t\t\t\t\t<span class=\"elementor-button-text\">M\u00e1s informaci\u00f3n<\/span>\n\t\t\t\t\t<\/span>\n\t\t\t\t\t<\/a>\n\t\t\t\t<\/div>\n\t\t\t\t\t\t\t\t<\/div>\n\t\t\t\t<\/div>\n\t\t\t\t<\/div>\n\t\t<div class=\"elementor-element elementor-element-7bccf80 e-con-full e-flex e-con e-child\" data-id=\"7bccf80\" data-element_type=\"container\" data-settings=\"{&quot;background_background&quot;:&quot;classic&quot;}\">\n\t\t\t\t<div class=\"elementor-element elementor-element-721402b elementor-widget elementor-widget-image\" data-id=\"721402b\" data-element_type=\"widget\" data-widget_type=\"image.default\">\n\t\t\t\t<div class=\"elementor-widget-container\">\n\t\t\t\t\t\t\t\t\t\t\t\t\t\t\t\t<a href=\"https:\/\/ottani.com.br\/es\/parada-programada\/\">\n\t\t\t\t\t\t\t<img decoding=\"async\" width=\"800\" height=\"512\" src=\"https:\/\/ottani.com.br\/es\/wp-content\/uploads\/2025\/02\/Grupo-5-3-2.jpg\" class=\"attachment-large size-large wp-image-1304\" alt=\"Tanque\" srcset=\"https:\/\/ottani.com.br\/es\/wp-content\/uploads\/2025\/02\/Grupo-5-3-2.jpg 810w, https:\/\/ottani.com.br\/es\/wp-content\/uploads\/2025\/02\/Grupo-5-3-2-300x192.jpg 300w, https:\/\/ottani.com.br\/es\/wp-content\/uploads\/2025\/02\/Grupo-5-3-2-768x491.jpg 768w\" sizes=\"(max-width: 800px) 100vw, 800px\" \/>\t\t\t\t\t\t\t\t<\/a>\n\t\t\t\t\t\t\t\t\t\t\t\t\t\t\t<\/div>\n\t\t\t\t<\/div>\n\t\t\t\t<div class=\"elementor-element elementor-element-c24f699 elementor-widget elementor-widget-heading\" data-id=\"c24f699\" data-element_type=\"widget\" data-widget_type=\"heading.default\">\n\t\t\t\t<div class=\"elementor-widget-container\">\n\t\t\t\t\t<h2 class=\"elementor-heading-title elementor-size-default\">Montaje e instalaci\u00f3n<\/h2>\t\t\t\t<\/div>\n\t\t\t\t<\/div>\n\t\t\t\t<div class=\"elementor-element elementor-element-5716b9c elementor-widget elementor-widget-text-editor\" data-id=\"5716b9c\" data-element_type=\"widget\" data-widget_type=\"text-editor.default\">\n\t\t\t\t<div class=\"elementor-widget-container\">\n\t\t\t\t\t\t\t\t\t<p>Instalaci\u00f3n segura y eficiente de los equipos, desde el montaje inicial, ofreciendo alto rendimiento y seguridad en todo el proceso.<\/p>\t\t\t\t\t\t\t\t<\/div>\n\t\t\t\t<\/div>\n\t\t\t\t<div class=\"elementor-element elementor-element-ff51e8d elementor-align-justify elementor-widget elementor-widget-button\" data-id=\"ff51e8d\" data-element_type=\"widget\" data-widget_type=\"button.default\">\n\t\t\t\t<div class=\"elementor-widget-container\">\n\t\t\t\t\t\t\t\t\t<div class=\"elementor-button-wrapper\">\n\t\t\t\t\t<a class=\"elementor-button elementor-button-link elementor-size-sm\" href=\"https:\/\/ottani.com.br\/es\/montaje-e-instalacion\/\">\n\t\t\t\t\t\t<span class=\"elementor-button-content-wrapper\">\n\t\t\t\t\t\t\t\t\t<span class=\"elementor-button-text\">M\u00e1s informaci\u00f3n<\/span>\n\t\t\t\t\t<\/span>\n\t\t\t\t\t<\/a>\n\t\t\t\t<\/div>\n\t\t\t\t\t\t\t\t<\/div>\n\t\t\t\t<\/div>\n\t\t\t\t<\/div>\n\t\t\t\t<\/div>\n\t\t\t\t\t<\/div>\n\t\t\t\t<\/div>\n\t\t<div class=\"elementor-element elementor-element-1cde3ff e-flex e-con-boxed e-con e-parent\" data-id=\"1cde3ff\" data-element_type=\"container\" data-settings=\"{&quot;background_background&quot;:&quot;classic&quot;}\">\n\t\t\t\t\t<div class=\"e-con-inner\">\n\t\t\t\t<div class=\"elementor-element elementor-element-32ed786 elementor-widget__width-initial elementor-widget-tablet__width-initial elementor-widget elementor-widget-heading\" data-id=\"32ed786\" data-element_type=\"widget\" data-widget_type=\"heading.default\">\n\t\t\t\t<div class=\"elementor-widget-container\">\n\t\t\t\t\t<h2 class=\"elementor-heading-title elementor-size-default\">Conozca m\u00e1s sobre nuestras soluciones en equipos industriales.<\/h2>\t\t\t\t<\/div>\n\t\t\t\t<\/div>\n\t\t\t\t<div class=\"elementor-element elementor-element-9d3a3d6 elementor-mobile-align-justify elementor-widget elementor-widget-button\" data-id=\"9d3a3d6\" data-element_type=\"widget\" data-widget_type=\"button.default\">\n\t\t\t\t<div class=\"elementor-widget-container\">\n\t\t\t\t\t\t\t\t\t<div class=\"elementor-button-wrapper\">\n\t\t\t\t\t<a class=\"elementor-button elementor-button-link elementor-size-sm elementor-animation-grow\" href=\"https:\/\/ottani.com.br\/es\/contacto\/\">\n\t\t\t\t\t\t<span class=\"elementor-button-content-wrapper\">\n\t\t\t\t\t\t\t\t\t<span class=\"elementor-button-text\">M\u00e1s informaci\u00f3n<\/span>\n\t\t\t\t\t<\/span>\n\t\t\t\t\t<\/a>\n\t\t\t\t<\/div>\n\t\t\t\t\t\t\t\t<\/div>\n\t\t\t\t<\/div>\n\t\t\t\t\t<\/div>\n\t\t\t\t<\/div>\n\t\t\t\t<\/div>\n\t\t","protected":false},"excerpt":{"rendered":"<p>Parada programada Gesti\u00f3n estrat\u00e9gica de paradas para alto rendimiento industrial Gesti\u00f3n estrat\u00e9gica de paradas para alto rendimiento industrialLas Paradas Programadas de Ottani son cruciales para asegurar el mantenimiento adecuado y la eficiencia continua de los procesos industriales. Durante estas paradas, realizamos inspecciones, reparaciones y sustituciones de componentes en plazos previamente planificados, evitando imprevistos e interrupciones [&hellip;]<\/p>\n","protected":false},"author":1,"featured_media":0,"parent":0,"menu_order":0,"comment_status":"closed","ping_status":"closed","template":"","meta":{"footnotes":""},"class_list":["post-204","page","type-page","status-publish","hentry"],"yoast_head":"<!-- This site is optimized with the Yoast SEO plugin v27.5 - https:\/\/yoast.com\/product\/yoast-seo-wordpress\/ -->\n<title>Parada Programada - Ottani<\/title>\n<meta name=\"description\" content=\"Parada programada con planificaci\u00f3n estrat\u00e9gica para el mantenimiento industrial, garantizando seguridad, eficiencia y menor tiempo de inactividad.\" \/>\n<meta name=\"robots\" content=\"index, follow, max-snippet:-1, max-image-preview:large, max-video-preview:-1\" \/>\n<link rel=\"canonical\" href=\"https:\/\/ottani.com.br\/es\/parada-programada\/\" \/>\n<meta property=\"og:locale\" content=\"pt_BR\" \/>\n<meta property=\"og:type\" content=\"article\" \/>\n<meta property=\"og:title\" content=\"Parada Programada - Ottani\" \/>\n<meta property=\"og:description\" content=\"Parada programada con planificaci\u00f3n estrat\u00e9gica para el mantenimiento industrial, garantizando seguridad, eficiencia y menor tiempo de inactividad.\" \/>\n<meta property=\"og:url\" content=\"https:\/\/ottani.com.br\/es\/parada-programada\/\" \/>\n<meta property=\"og:site_name\" content=\"Ottani\" \/>\n<meta property=\"article:publisher\" content=\"https:\/\/www.facebook.com\/ottani.industria\" \/>\n<meta property=\"article:modified_time\" content=\"2025-04-28T20:10:29+00:00\" \/>\n<meta property=\"og:image\" content=\"https:\/\/ottani.com.br\/es\/wp-content\/uploads\/2025\/03\/thumbnail-ottani-scaled.jpg\" \/>\n\t<meta property=\"og:image:width\" content=\"2560\" \/>\n\t<meta property=\"og:image:height\" content=\"1440\" \/>\n\t<meta property=\"og:image:type\" content=\"image\/jpeg\" \/>\n<meta name=\"twitter:card\" content=\"summary_large_image\" \/>\n<meta name=\"twitter:label1\" content=\"Est. tempo de leitura\" \/>\n\t<meta name=\"twitter:data1\" content=\"3 minutos\" \/>\n<script type=\"application\/ld+json\" class=\"yoast-schema-graph\">{\"@context\":\"https:\\\/\\\/schema.org\",\"@graph\":[{\"@type\":\"WebPage\",\"@id\":\"https:\\\/\\\/ottani.com.br\\\/es\\\/parada-programada\\\/\",\"url\":\"https:\\\/\\\/ottani.com.br\\\/es\\\/parada-programada\\\/\",\"name\":\"Parada Programada - Ottani\",\"isPartOf\":{\"@id\":\"https:\\\/\\\/ottani.com.br\\\/es\\\/#website\"},\"primaryImageOfPage\":{\"@id\":\"https:\\\/\\\/ottani.com.br\\\/es\\\/parada-programada\\\/#primaryimage\"},\"image\":{\"@id\":\"https:\\\/\\\/ottani.com.br\\\/es\\\/parada-programada\\\/#primaryimage\"},\"thumbnailUrl\":\"https:\\\/\\\/ottani.com.br\\\/es\\\/wp-content\\\/uploads\\\/2025\\\/02\\\/Fabricacao-e-Montagem-Rosca-Caldeira-2.jpg\",\"datePublished\":\"2024-11-08T20:23:49+00:00\",\"dateModified\":\"2025-04-28T20:10:29+00:00\",\"description\":\"Parada programada con planificaci\u00f3n estrat\u00e9gica para el mantenimiento industrial, garantizando seguridad, eficiencia y menor tiempo de inactividad.\",\"breadcrumb\":{\"@id\":\"https:\\\/\\\/ottani.com.br\\\/es\\\/parada-programada\\\/#breadcrumb\"},\"inLanguage\":\"pt-BR\",\"potentialAction\":[{\"@type\":\"ReadAction\",\"target\":[\"https:\\\/\\\/ottani.com.br\\\/es\\\/parada-programada\\\/\"]}]},{\"@type\":\"ImageObject\",\"inLanguage\":\"pt-BR\",\"@id\":\"https:\\\/\\\/ottani.com.br\\\/es\\\/parada-programada\\\/#primaryimage\",\"url\":\"https:\\\/\\\/ottani.com.br\\\/es\\\/wp-content\\\/uploads\\\/2025\\\/02\\\/Fabricacao-e-Montagem-Rosca-Caldeira-2.jpg\",\"contentUrl\":\"https:\\\/\\\/ottani.com.br\\\/es\\\/wp-content\\\/uploads\\\/2025\\\/02\\\/Fabricacao-e-Montagem-Rosca-Caldeira-2.jpg\",\"width\":810,\"height\":518,\"caption\":\"Instalaci\u00f3n de rosca helicoidal\"},{\"@type\":\"BreadcrumbList\",\"@id\":\"https:\\\/\\\/ottani.com.br\\\/es\\\/parada-programada\\\/#breadcrumb\",\"itemListElement\":[{\"@type\":\"ListItem\",\"position\":1,\"name\":\"In\u00edcio\",\"item\":\"https:\\\/\\\/ottani.com.br\\\/es\\\/\"},{\"@type\":\"ListItem\",\"position\":2,\"name\":\"Parada Programada\"}]},{\"@type\":\"WebSite\",\"@id\":\"https:\\\/\\\/ottani.com.br\\\/es\\\/#website\",\"url\":\"https:\\\/\\\/ottani.com.br\\\/es\\\/\",\"name\":\"Ottani\",\"description\":\"Equipamentos Industriais\",\"potentialAction\":[{\"@type\":\"SearchAction\",\"target\":{\"@type\":\"EntryPoint\",\"urlTemplate\":\"https:\\\/\\\/ottani.com.br\\\/es\\\/?s={search_term_string}\"},\"query-input\":{\"@type\":\"PropertyValueSpecification\",\"valueRequired\":true,\"valueName\":\"search_term_string\"}}],\"inLanguage\":\"pt-BR\"}]}<\/script>\n<!-- \/ Yoast SEO plugin. -->","yoast_head_json":{"title":"Parada Programada - Ottani","description":"Parada programada con planificaci\u00f3n estrat\u00e9gica para el mantenimiento industrial, garantizando seguridad, eficiencia y menor tiempo de inactividad.","robots":{"index":"index","follow":"follow","max-snippet":"max-snippet:-1","max-image-preview":"max-image-preview:large","max-video-preview":"max-video-preview:-1"},"canonical":"https:\/\/ottani.com.br\/es\/parada-programada\/","og_locale":"pt_BR","og_type":"article","og_title":"Parada Programada - Ottani","og_description":"Parada programada con planificaci\u00f3n estrat\u00e9gica para el mantenimiento industrial, garantizando seguridad, eficiencia y menor tiempo de inactividad.","og_url":"https:\/\/ottani.com.br\/es\/parada-programada\/","og_site_name":"Ottani","article_publisher":"https:\/\/www.facebook.com\/ottani.industria","article_modified_time":"2025-04-28T20:10:29+00:00","og_image":[{"width":2560,"height":1440,"url":"https:\/\/ottani.com.br\/es\/wp-content\/uploads\/2025\/03\/thumbnail-ottani-scaled.jpg","type":"image\/jpeg"}],"twitter_card":"summary_large_image","twitter_misc":{"Est. tempo de leitura":"3 minutos"},"schema":{"@context":"https:\/\/schema.org","@graph":[{"@type":"WebPage","@id":"https:\/\/ottani.com.br\/es\/parada-programada\/","url":"https:\/\/ottani.com.br\/es\/parada-programada\/","name":"Parada Programada - Ottani","isPartOf":{"@id":"https:\/\/ottani.com.br\/es\/#website"},"primaryImageOfPage":{"@id":"https:\/\/ottani.com.br\/es\/parada-programada\/#primaryimage"},"image":{"@id":"https:\/\/ottani.com.br\/es\/parada-programada\/#primaryimage"},"thumbnailUrl":"https:\/\/ottani.com.br\/es\/wp-content\/uploads\/2025\/02\/Fabricacao-e-Montagem-Rosca-Caldeira-2.jpg","datePublished":"2024-11-08T20:23:49+00:00","dateModified":"2025-04-28T20:10:29+00:00","description":"Parada programada con planificaci\u00f3n estrat\u00e9gica para el mantenimiento industrial, garantizando seguridad, eficiencia y menor tiempo de inactividad.","breadcrumb":{"@id":"https:\/\/ottani.com.br\/es\/parada-programada\/#breadcrumb"},"inLanguage":"pt-BR","potentialAction":[{"@type":"ReadAction","target":["https:\/\/ottani.com.br\/es\/parada-programada\/"]}]},{"@type":"ImageObject","inLanguage":"pt-BR","@id":"https:\/\/ottani.com.br\/es\/parada-programada\/#primaryimage","url":"https:\/\/ottani.com.br\/es\/wp-content\/uploads\/2025\/02\/Fabricacao-e-Montagem-Rosca-Caldeira-2.jpg","contentUrl":"https:\/\/ottani.com.br\/es\/wp-content\/uploads\/2025\/02\/Fabricacao-e-Montagem-Rosca-Caldeira-2.jpg","width":810,"height":518,"caption":"Instalaci\u00f3n de rosca helicoidal"},{"@type":"BreadcrumbList","@id":"https:\/\/ottani.com.br\/es\/parada-programada\/#breadcrumb","itemListElement":[{"@type":"ListItem","position":1,"name":"In\u00edcio","item":"https:\/\/ottani.com.br\/es\/"},{"@type":"ListItem","position":2,"name":"Parada Programada"}]},{"@type":"WebSite","@id":"https:\/\/ottani.com.br\/es\/#website","url":"https:\/\/ottani.com.br\/es\/","name":"Ottani","description":"Equipamentos Industriais","potentialAction":[{"@type":"SearchAction","target":{"@type":"EntryPoint","urlTemplate":"https:\/\/ottani.com.br\/es\/?s={search_term_string}"},"query-input":{"@type":"PropertyValueSpecification","valueRequired":true,"valueName":"search_term_string"}}],"inLanguage":"pt-BR"}]}},"_links":{"self":[{"href":"https:\/\/ottani.com.br\/es\/wp-json\/wp\/v2\/pages\/204","targetHints":{"allow":["GET"]}}],"collection":[{"href":"https:\/\/ottani.com.br\/es\/wp-json\/wp\/v2\/pages"}],"about":[{"href":"https:\/\/ottani.com.br\/es\/wp-json\/wp\/v2\/types\/page"}],"author":[{"embeddable":true,"href":"https:\/\/ottani.com.br\/es\/wp-json\/wp\/v2\/users\/1"}],"replies":[{"embeddable":true,"href":"https:\/\/ottani.com.br\/es\/wp-json\/wp\/v2\/comments?post=204"}],"version-history":[{"count":29,"href":"https:\/\/ottani.com.br\/es\/wp-json\/wp\/v2\/pages\/204\/revisions"}],"predecessor-version":[{"id":2684,"href":"https:\/\/ottani.com.br\/es\/wp-json\/wp\/v2\/pages\/204\/revisions\/2684"}],"wp:attachment":[{"href":"https:\/\/ottani.com.br\/es\/wp-json\/wp\/v2\/media?parent=204"}],"curies":[{"name":"wp","href":"https:\/\/api.w.org\/{rel}","templated":true}]}}