{"id":229,"date":"2024-11-08T17:28:25","date_gmt":"2024-11-08T20:28:25","guid":{"rendered":"https:\/\/ottani.com.br\/site\/?page_id=229"},"modified":"2025-04-28T16:58:01","modified_gmt":"2025-04-28T19:58:01","slug":"servicios","status":"publish","type":"page","link":"https:\/\/ottani.com.br\/es\/servicios\/","title":{"rendered":"Servicios"},"content":{"rendered":"\t\t<div data-elementor-type=\"wp-page\" data-elementor-id=\"229\" class=\"elementor elementor-229\" data-elementor-post-type=\"page\">\n\t\t\t\t<div class=\"elementor-element elementor-element-cce96b5 e-flex e-con-boxed e-con e-parent\" data-id=\"cce96b5\" data-element_type=\"container\" data-settings=\"{&quot;background_background&quot;:&quot;classic&quot;}\">\n\t\t\t\t\t<div class=\"e-con-inner\">\n\t\t\t\t<div class=\"elementor-element elementor-element-58120af elementor-widget elementor-widget-heading\" data-id=\"58120af\" data-element_type=\"widget\" data-widget_type=\"heading.default\">\n\t\t\t\t<div class=\"elementor-widget-container\">\n\t\t\t\t\t<h2 class=\"elementor-heading-title elementor-size-default\">Servicios industriales<\/h2>\t\t\t\t<\/div>\n\t\t\t\t<\/div>\n\t\t\t\t\t<\/div>\n\t\t\t\t<\/div>\n\t\t<div class=\"elementor-element elementor-element-454e775 e-flex e-con-boxed e-con e-parent\" data-id=\"454e775\" data-element_type=\"container\">\n\t\t\t\t\t<div class=\"e-con-inner\">\n\t\t\t\t<div class=\"elementor-element elementor-element-8986bcf elementor-widget-tablet__width-initial elementor-widget elementor-widget-text-editor\" data-id=\"8986bcf\" data-element_type=\"widget\" data-widget_type=\"text-editor.default\">\n\t\t\t\t<div class=\"elementor-widget-container\">\n\t\t\t\t\t\t\t\t\t<p>Con d\u00e9cadas de experiencia en el sector industrial, Ottani ofrece una amplia gama de servicios para garantizar la continuidad y eficiencia de sus operaciones. Nuestro equipo est\u00e1 altamente calificado, con experiencia t\u00e9cnica en mantenimiento, montaje y paradas programadas, ofreciendo soluciones completas y personalizadas para cada cliente. Vea c\u00f3mo nuestros servicios pueden ayudar a su empresa a mantener la productividad y la seguridad en todos los procesos.<\/p>\t\t\t\t\t\t\t\t<\/div>\n\t\t\t\t<\/div>\n\t\t\t\t\t<\/div>\n\t\t\t\t<\/div>\n\t\t<div class=\"elementor-element elementor-element-80cd6fd e-flex e-con-boxed e-con e-parent\" data-id=\"80cd6fd\" data-element_type=\"container\">\n\t\t\t\t\t<div class=\"e-con-inner\">\n\t\t\t\t<div class=\"elementor-element elementor-element-1f30f54 elementor-widget elementor-widget-heading\" data-id=\"1f30f54\" data-element_type=\"widget\" data-widget_type=\"heading.default\">\n\t\t\t\t<div class=\"elementor-widget-container\">\n\t\t\t\t\t<h2 class=\"elementor-heading-title elementor-size-default\">Nuestros servicios<\/h2>\t\t\t\t<\/div>\n\t\t\t\t<\/div>\n\t\t<div class=\"elementor-element elementor-element-c13d9c9 e-con-full e-flex e-con e-child\" data-id=\"c13d9c9\" data-element_type=\"container\">\n\t\t<div class=\"elementor-element elementor-element-da45af1 e-con-full e-flex e-con e-child\" data-id=\"da45af1\" data-element_type=\"container\">\n\t\t\t\t<div class=\"elementor-element elementor-element-43f6feb elementor-widget elementor-widget-image\" data-id=\"43f6feb\" data-element_type=\"widget\" data-widget_type=\"image.default\">\n\t\t\t\t<div class=\"elementor-widget-container\">\n\t\t\t\t\t\t\t\t\t\t\t\t\t\t\t\t<a href=\"https:\/\/ottani.com.br\/es\/manutencao-industrial\/\">\n\t\t\t\t\t\t\t<img fetchpriority=\"high\" decoding=\"async\" width=\"550\" height=\"350\" src=\"https:\/\/ottani.com.br\/es\/wp-content\/uploads\/2024\/11\/manutencao-industrial-home-1.jpg\" class=\"attachment-large size-large wp-image-330\" alt=\"Mantenimiento industrial\" srcset=\"https:\/\/ottani.com.br\/es\/wp-content\/uploads\/2024\/11\/manutencao-industrial-home-1.jpg 550w, https:\/\/ottani.com.br\/es\/wp-content\/uploads\/2024\/11\/manutencao-industrial-home-1-300x191.jpg 300w\" sizes=\"(max-width: 550px) 100vw, 550px\" \/>\t\t\t\t\t\t\t\t<\/a>\n\t\t\t\t\t\t\t\t\t\t\t\t\t\t\t<\/div>\n\t\t\t\t<\/div>\n\t\t\t\t<\/div>\n\t\t<div class=\"elementor-element elementor-element-d344c69 e-con-full e-flex e-con e-child\" data-id=\"d344c69\" data-element_type=\"container\">\n\t\t\t\t<div class=\"elementor-element elementor-element-5be6e19 elementor-widget elementor-widget-heading\" data-id=\"5be6e19\" data-element_type=\"widget\" data-widget_type=\"heading.default\">\n\t\t\t\t<div class=\"elementor-widget-container\">\n\t\t\t\t\t<h3 class=\"elementor-heading-title elementor-size-default\">Mantenimiento industrial<\/h3>\t\t\t\t<\/div>\n\t\t\t\t<\/div>\n\t\t\t\t<div class=\"elementor-element elementor-element-b0d8247 elementor-widget__width-initial elementor-widget-tablet__width-initial elementor-widget elementor-widget-text-editor\" data-id=\"b0d8247\" data-element_type=\"widget\" data-widget_type=\"text-editor.default\">\n\t\t\t\t<div class=\"elementor-widget-container\">\n\t\t\t\t\t\t\t\t\t<p class=\"\" data-start=\"621\" data-end=\"813\">Ottani realiza mantenimientos preventivos y correctivos, tanto en nuestra f\u00e1brica como directamente en la planta de nuestros clientes, atendiendo las necesidades espec\u00edficas de cada operaci\u00f3n.<\/p>\n<p class=\"\" data-start=\"815\" data-end=\"1040\">Trabajamos para asegurar el funcionamiento continuo de los equipos, minimizando paradas y prolongando la vida \u00fatil de los activos industriales. Con un enfoque centrado en la confiabilidad y en la optimizaci\u00f3n del rendimiento.<\/p>\t\t\t\t\t\t\t\t<\/div>\n\t\t\t\t<\/div>\n\t\t\t\t<div class=\"elementor-element elementor-element-553df77 elementor-mobile-align-justify elementor-widget elementor-widget-button\" data-id=\"553df77\" data-element_type=\"widget\" data-widget_type=\"button.default\">\n\t\t\t\t<div class=\"elementor-widget-container\">\n\t\t\t\t\t\t\t\t\t<div class=\"elementor-button-wrapper\">\n\t\t\t\t\t<a class=\"elementor-button elementor-button-link elementor-size-sm\" href=\"https:\/\/ottani.com.br\/es\/mantenimiento-industrial\/\">\n\t\t\t\t\t\t<span class=\"elementor-button-content-wrapper\">\n\t\t\t\t\t\t\t\t\t<span class=\"elementor-button-text\">Conozca m\u00e1s<\/span>\n\t\t\t\t\t<\/span>\n\t\t\t\t\t<\/a>\n\t\t\t\t<\/div>\n\t\t\t\t\t\t\t\t<\/div>\n\t\t\t\t<\/div>\n\t\t\t\t<\/div>\n\t\t\t\t<\/div>\n\t\t<div class=\"elementor-element elementor-element-0485a5c e-con-full e-flex e-con e-child\" data-id=\"0485a5c\" data-element_type=\"container\">\n\t\t<div class=\"elementor-element elementor-element-c76e952 e-con-full e-flex e-con e-child\" data-id=\"c76e952\" data-element_type=\"container\">\n\t\t\t\t<div class=\"elementor-element elementor-element-d48f622 elementor-widget elementor-widget-heading\" data-id=\"d48f622\" data-element_type=\"widget\" data-widget_type=\"heading.default\">\n\t\t\t\t<div class=\"elementor-widget-container\">\n\t\t\t\t\t<h3 class=\"elementor-heading-title elementor-size-default\">Parada programada<\/h3>\t\t\t\t<\/div>\n\t\t\t\t<\/div>\n\t\t\t\t<div class=\"elementor-element elementor-element-a0a17f6 elementor-widget__width-initial elementor-widget-tablet__width-initial elementor-widget elementor-widget-text-editor\" data-id=\"a0a17f6\" data-element_type=\"widget\" data-widget_type=\"text-editor.default\">\n\t\t\t\t<div class=\"elementor-widget-container\">\n\t\t\t\t\t\t\t\t\t<p class=\"\" data-start=\"1065\" data-end=\"1272\">Ofrecemos una planificaci\u00f3n detallada y una ejecuci\u00f3n precisa de las paradas, minimizando el impacto en las operaciones y garantizando que todos los equipos est\u00e9n en condiciones ideales al final del proceso.<\/p>\n<p class=\"\" data-start=\"1274\" data-end=\"1409\">Nuestra experiencia en paradas programadas nos permite optimizar cada etapa, asegurando la m\u00e1xima productividad para nuestros clientes.<\/p>\t\t\t\t\t\t\t\t<\/div>\n\t\t\t\t<\/div>\n\t\t\t\t<div class=\"elementor-element elementor-element-855827e elementor-mobile-align-justify elementor-widget elementor-widget-button\" data-id=\"855827e\" data-element_type=\"widget\" data-widget_type=\"button.default\">\n\t\t\t\t<div class=\"elementor-widget-container\">\n\t\t\t\t\t\t\t\t\t<div class=\"elementor-button-wrapper\">\n\t\t\t\t\t<a class=\"elementor-button elementor-button-link elementor-size-sm\" href=\"https:\/\/ottani.com.br\/es\/parada-programada\/\">\n\t\t\t\t\t\t<span class=\"elementor-button-content-wrapper\">\n\t\t\t\t\t\t\t\t\t<span class=\"elementor-button-text\">Conozca m\u00e1s<\/span>\n\t\t\t\t\t<\/span>\n\t\t\t\t\t<\/a>\n\t\t\t\t<\/div>\n\t\t\t\t\t\t\t\t<\/div>\n\t\t\t\t<\/div>\n\t\t\t\t<\/div>\n\t\t<div class=\"elementor-element elementor-element-de0f19f e-con-full e-flex e-con e-child\" data-id=\"de0f19f\" data-element_type=\"container\">\n\t\t\t\t<div class=\"elementor-element elementor-element-bc0e01c elementor-widget elementor-widget-image\" data-id=\"bc0e01c\" data-element_type=\"widget\" data-widget_type=\"image.default\">\n\t\t\t\t<div class=\"elementor-widget-container\">\n\t\t\t\t\t\t\t\t\t\t\t\t\t\t\t\t<a href=\"https:\/\/ottani.com.br\/es\/parada-programada\/\">\n\t\t\t\t\t\t\t<img decoding=\"async\" width=\"800\" height=\"512\" src=\"https:\/\/ottani.com.br\/es\/wp-content\/uploads\/2025\/02\/Fabricacao-e-Montagem-Rosca-Caldeira-2.jpg\" class=\"attachment-large size-large wp-image-1303\" alt=\"Instalaci\u00f3n de rosca helicoidal\" srcset=\"https:\/\/ottani.com.br\/es\/wp-content\/uploads\/2025\/02\/Fabricacao-e-Montagem-Rosca-Caldeira-2.jpg 810w, https:\/\/ottani.com.br\/es\/wp-content\/uploads\/2025\/02\/Fabricacao-e-Montagem-Rosca-Caldeira-2-300x192.jpg 300w, https:\/\/ottani.com.br\/es\/wp-content\/uploads\/2025\/02\/Fabricacao-e-Montagem-Rosca-Caldeira-2-768x491.jpg 768w\" sizes=\"(max-width: 800px) 100vw, 800px\" \/>\t\t\t\t\t\t\t\t<\/a>\n\t\t\t\t\t\t\t\t\t\t\t\t\t\t\t<\/div>\n\t\t\t\t<\/div>\n\t\t\t\t<\/div>\n\t\t\t\t<\/div>\n\t\t<div class=\"elementor-element elementor-element-d85aed7 e-con-full e-flex e-con e-child\" data-id=\"d85aed7\" data-element_type=\"container\">\n\t\t<div class=\"elementor-element elementor-element-3d4a7cb e-con-full e-flex e-con e-child\" data-id=\"3d4a7cb\" data-element_type=\"container\">\n\t\t\t\t<div class=\"elementor-element elementor-element-80c61ac elementor-widget elementor-widget-image\" data-id=\"80c61ac\" data-element_type=\"widget\" data-widget_type=\"image.default\">\n\t\t\t\t<div class=\"elementor-widget-container\">\n\t\t\t\t\t\t\t\t\t\t\t\t\t\t\t\t<a href=\"https:\/\/ottani.com.br\/es\/montagem-e-instalacao\/\">\n\t\t\t\t\t\t\t<img decoding=\"async\" width=\"800\" height=\"512\" src=\"https:\/\/ottani.com.br\/es\/wp-content\/uploads\/2025\/02\/Grupo-5-3-2.jpg\" class=\"attachment-large size-large wp-image-1304\" alt=\"Tanque\" srcset=\"https:\/\/ottani.com.br\/es\/wp-content\/uploads\/2025\/02\/Grupo-5-3-2.jpg 810w, https:\/\/ottani.com.br\/es\/wp-content\/uploads\/2025\/02\/Grupo-5-3-2-300x192.jpg 300w, https:\/\/ottani.com.br\/es\/wp-content\/uploads\/2025\/02\/Grupo-5-3-2-768x491.jpg 768w\" sizes=\"(max-width: 800px) 100vw, 800px\" \/>\t\t\t\t\t\t\t\t<\/a>\n\t\t\t\t\t\t\t\t\t\t\t\t\t\t\t<\/div>\n\t\t\t\t<\/div>\n\t\t\t\t<\/div>\n\t\t<div class=\"elementor-element elementor-element-666507b e-con-full e-flex e-con e-child\" data-id=\"666507b\" data-element_type=\"container\">\n\t\t\t\t<div class=\"elementor-element elementor-element-5cf9c57 elementor-widget elementor-widget-heading\" data-id=\"5cf9c57\" data-element_type=\"widget\" data-widget_type=\"heading.default\">\n\t\t\t\t<div class=\"elementor-widget-container\">\n\t\t\t\t\t<h3 class=\"elementor-heading-title elementor-size-default\">Montaje e instalaci\u00f3n<\/h3>\t\t\t\t<\/div>\n\t\t\t\t<\/div>\n\t\t\t\t<div class=\"elementor-element elementor-element-d25b95d elementor-widget__width-initial elementor-widget-tablet__width-initial elementor-widget elementor-widget-text-editor\" data-id=\"d25b95d\" data-element_type=\"widget\" data-widget_type=\"text-editor.default\">\n\t\t\t\t<div class=\"elementor-widget-container\">\n\t\t\t\t\t\t\t\t\t<p class=\"\" data-start=\"1438\" data-end=\"1617\">Nuestro equipo est\u00e1 altamente capacitado para asegurar que los equipos de nuestros clientes sean entregados de forma segura y eficiente, desde la fabricaci\u00f3n hasta la instalaci\u00f3n.<\/p>\n<p class=\"\" data-start=\"1619\" data-end=\"1765\">Ofrecemos un servicio completo e integrado, garantizando que los sistemas est\u00e9n listos para operar con seguridad y alcanzar el m\u00e1ximo rendimiento.<\/p>\t\t\t\t\t\t\t\t<\/div>\n\t\t\t\t<\/div>\n\t\t\t\t<div class=\"elementor-element elementor-element-a29f345 elementor-mobile-align-justify elementor-widget elementor-widget-button\" data-id=\"a29f345\" data-element_type=\"widget\" data-widget_type=\"button.default\">\n\t\t\t\t<div class=\"elementor-widget-container\">\n\t\t\t\t\t\t\t\t\t<div class=\"elementor-button-wrapper\">\n\t\t\t\t\t<a class=\"elementor-button elementor-button-link elementor-size-sm\" href=\"https:\/\/ottani.com.br\/es\/montaje-e-instalacion\/\">\n\t\t\t\t\t\t<span class=\"elementor-button-content-wrapper\">\n\t\t\t\t\t\t\t\t\t<span class=\"elementor-button-text\">Conozca m\u00e1s<\/span>\n\t\t\t\t\t<\/span>\n\t\t\t\t\t<\/a>\n\t\t\t\t<\/div>\n\t\t\t\t\t\t\t\t<\/div>\n\t\t\t\t<\/div>\n\t\t\t\t<\/div>\n\t\t\t\t<\/div>\n\t\t\t\t\t<\/div>\n\t\t\t\t<\/div>\n\t\t<div class=\"elementor-element elementor-element-a532def e-flex e-con-boxed e-con e-parent\" data-id=\"a532def\" data-element_type=\"container\" data-settings=\"{&quot;background_background&quot;:&quot;classic&quot;}\">\n\t\t\t\t\t<div class=\"e-con-inner\">\n\t\t\t\t<div class=\"elementor-element elementor-element-cb8e105 elementor-widget__width-initial elementor-widget-tablet__width-initial elementor-widget elementor-widget-heading\" data-id=\"cb8e105\" data-element_type=\"widget\" data-widget_type=\"heading.default\">\n\t\t\t\t<div class=\"elementor-widget-container\">\n\t\t\t\t\t<h2 class=\"elementor-heading-title elementor-size-default\">Conozca m\u00e1s sobre nuestras soluciones en equipos industriales.<\/h2>\t\t\t\t<\/div>\n\t\t\t\t<\/div>\n\t\t\t\t<div class=\"elementor-element elementor-element-12d640f elementor-mobile-align-justify elementor-widget elementor-widget-button\" data-id=\"12d640f\" data-element_type=\"widget\" data-widget_type=\"button.default\">\n\t\t\t\t<div class=\"elementor-widget-container\">\n\t\t\t\t\t\t\t\t\t<div class=\"elementor-button-wrapper\">\n\t\t\t\t\t<a class=\"elementor-button elementor-button-link elementor-size-sm elementor-animation-grow\" href=\"https:\/\/ottani.com.br\/es\/contacto\/\">\n\t\t\t\t\t\t<span class=\"elementor-button-content-wrapper\">\n\t\t\t\t\t\t\t\t\t<span class=\"elementor-button-text\">Conozca m\u00e1s<\/span>\n\t\t\t\t\t<\/span>\n\t\t\t\t\t<\/a>\n\t\t\t\t<\/div>\n\t\t\t\t\t\t\t\t<\/div>\n\t\t\t\t<\/div>\n\t\t\t\t\t<\/div>\n\t\t\t\t<\/div>\n\t\t\t\t<\/div>\n\t\t","protected":false},"excerpt":{"rendered":"<p>Servicios industriales Con d\u00e9cadas de experiencia en el sector industrial, Ottani ofrece una amplia gama de servicios para garantizar la continuidad y eficiencia de sus operaciones. Nuestro equipo est\u00e1 altamente calificado, con experiencia t\u00e9cnica en mantenimiento, montaje y paradas programadas, ofreciendo soluciones completas y personalizadas para cada cliente. Vea c\u00f3mo nuestros servicios pueden ayudar a [&hellip;]<\/p>\n","protected":false},"author":1,"featured_media":0,"parent":0,"menu_order":0,"comment_status":"closed","ping_status":"closed","template":"","meta":{"footnotes":""},"class_list":["post-229","page","type-page","status-publish","hentry"],"yoast_head":"<!-- This site is optimized with the Yoast SEO plugin v27.5 - https:\/\/yoast.com\/product\/yoast-seo-wordpress\/ -->\n<title>Servicios - Ottani<\/title>\n<meta name=\"description\" content=\"Ottani ofrece servicios de mantenimiento industrial, paradas programadas y montaje e instalaci\u00f3n, garantizando confiabilidad y alto rendimiento.\" \/>\n<meta name=\"robots\" content=\"index, follow, max-snippet:-1, max-image-preview:large, max-video-preview:-1\" \/>\n<link rel=\"canonical\" href=\"https:\/\/ottani.com.br\/es\/servicios\/\" \/>\n<meta property=\"og:locale\" content=\"pt_BR\" \/>\n<meta property=\"og:type\" content=\"article\" \/>\n<meta property=\"og:title\" content=\"Servicios - Ottani\" \/>\n<meta property=\"og:description\" content=\"Ottani ofrece servicios de mantenimiento industrial, paradas programadas y montaje e instalaci\u00f3n, garantizando confiabilidad y alto rendimiento.\" \/>\n<meta property=\"og:url\" content=\"https:\/\/ottani.com.br\/es\/servicios\/\" \/>\n<meta property=\"og:site_name\" content=\"Ottani\" \/>\n<meta property=\"article:publisher\" content=\"https:\/\/www.facebook.com\/ottani.industria\" \/>\n<meta property=\"article:modified_time\" content=\"2025-04-28T19:58:01+00:00\" \/>\n<meta property=\"og:image\" content=\"https:\/\/ottani.com.br\/es\/wp-content\/uploads\/2025\/03\/thumbnail-ottani-scaled.jpg\" \/>\n\t<meta property=\"og:image:width\" content=\"2560\" \/>\n\t<meta property=\"og:image:height\" content=\"1440\" \/>\n\t<meta property=\"og:image:type\" content=\"image\/jpeg\" \/>\n<meta name=\"twitter:card\" content=\"summary_large_image\" \/>\n<meta name=\"twitter:label1\" content=\"Est. tempo de leitura\" \/>\n\t<meta name=\"twitter:data1\" content=\"2 minutos\" \/>\n<script type=\"application\/ld+json\" class=\"yoast-schema-graph\">{\"@context\":\"https:\\\/\\\/schema.org\",\"@graph\":[{\"@type\":\"WebPage\",\"@id\":\"https:\\\/\\\/ottani.com.br\\\/es\\\/servicios\\\/\",\"url\":\"https:\\\/\\\/ottani.com.br\\\/es\\\/servicios\\\/\",\"name\":\"Servicios - Ottani\",\"isPartOf\":{\"@id\":\"https:\\\/\\\/ottani.com.br\\\/es\\\/#website\"},\"primaryImageOfPage\":{\"@id\":\"https:\\\/\\\/ottani.com.br\\\/es\\\/servicios\\\/#primaryimage\"},\"image\":{\"@id\":\"https:\\\/\\\/ottani.com.br\\\/es\\\/servicios\\\/#primaryimage\"},\"thumbnailUrl\":\"https:\\\/\\\/ottani.com.br\\\/es\\\/wp-content\\\/uploads\\\/2024\\\/11\\\/manutencao-industrial-home-1.jpg\",\"datePublished\":\"2024-11-08T20:28:25+00:00\",\"dateModified\":\"2025-04-28T19:58:01+00:00\",\"description\":\"Ottani ofrece servicios de mantenimiento industrial, paradas programadas y montaje e instalaci\u00f3n, garantizando confiabilidad y alto rendimiento.\",\"breadcrumb\":{\"@id\":\"https:\\\/\\\/ottani.com.br\\\/es\\\/servicios\\\/#breadcrumb\"},\"inLanguage\":\"pt-BR\",\"potentialAction\":[{\"@type\":\"ReadAction\",\"target\":[\"https:\\\/\\\/ottani.com.br\\\/es\\\/servicios\\\/\"]}]},{\"@type\":\"ImageObject\",\"inLanguage\":\"pt-BR\",\"@id\":\"https:\\\/\\\/ottani.com.br\\\/es\\\/servicios\\\/#primaryimage\",\"url\":\"https:\\\/\\\/ottani.com.br\\\/es\\\/wp-content\\\/uploads\\\/2024\\\/11\\\/manutencao-industrial-home-1.jpg\",\"contentUrl\":\"https:\\\/\\\/ottani.com.br\\\/es\\\/wp-content\\\/uploads\\\/2024\\\/11\\\/manutencao-industrial-home-1.jpg\",\"width\":550,\"height\":350,\"caption\":\"Mantenimiento industrial\"},{\"@type\":\"BreadcrumbList\",\"@id\":\"https:\\\/\\\/ottani.com.br\\\/es\\\/servicios\\\/#breadcrumb\",\"itemListElement\":[{\"@type\":\"ListItem\",\"position\":1,\"name\":\"In\u00edcio\",\"item\":\"https:\\\/\\\/ottani.com.br\\\/es\\\/\"},{\"@type\":\"ListItem\",\"position\":2,\"name\":\"Servicios\"}]},{\"@type\":\"WebSite\",\"@id\":\"https:\\\/\\\/ottani.com.br\\\/es\\\/#website\",\"url\":\"https:\\\/\\\/ottani.com.br\\\/es\\\/\",\"name\":\"Ottani\",\"description\":\"Equipamentos Industriais\",\"potentialAction\":[{\"@type\":\"SearchAction\",\"target\":{\"@type\":\"EntryPoint\",\"urlTemplate\":\"https:\\\/\\\/ottani.com.br\\\/es\\\/?s={search_term_string}\"},\"query-input\":{\"@type\":\"PropertyValueSpecification\",\"valueRequired\":true,\"valueName\":\"search_term_string\"}}],\"inLanguage\":\"pt-BR\"}]}<\/script>\n<!-- \/ Yoast SEO plugin. -->","yoast_head_json":{"title":"Servicios - Ottani","description":"Ottani ofrece servicios de mantenimiento industrial, paradas programadas y montaje e instalaci\u00f3n, garantizando confiabilidad y alto rendimiento.","robots":{"index":"index","follow":"follow","max-snippet":"max-snippet:-1","max-image-preview":"max-image-preview:large","max-video-preview":"max-video-preview:-1"},"canonical":"https:\/\/ottani.com.br\/es\/servicios\/","og_locale":"pt_BR","og_type":"article","og_title":"Servicios - Ottani","og_description":"Ottani ofrece servicios de mantenimiento industrial, paradas programadas y montaje e instalaci\u00f3n, garantizando confiabilidad y alto rendimiento.","og_url":"https:\/\/ottani.com.br\/es\/servicios\/","og_site_name":"Ottani","article_publisher":"https:\/\/www.facebook.com\/ottani.industria","article_modified_time":"2025-04-28T19:58:01+00:00","og_image":[{"width":2560,"height":1440,"url":"https:\/\/ottani.com.br\/es\/wp-content\/uploads\/2025\/03\/thumbnail-ottani-scaled.jpg","type":"image\/jpeg"}],"twitter_card":"summary_large_image","twitter_misc":{"Est. tempo de leitura":"2 minutos"},"schema":{"@context":"https:\/\/schema.org","@graph":[{"@type":"WebPage","@id":"https:\/\/ottani.com.br\/es\/servicios\/","url":"https:\/\/ottani.com.br\/es\/servicios\/","name":"Servicios - Ottani","isPartOf":{"@id":"https:\/\/ottani.com.br\/es\/#website"},"primaryImageOfPage":{"@id":"https:\/\/ottani.com.br\/es\/servicios\/#primaryimage"},"image":{"@id":"https:\/\/ottani.com.br\/es\/servicios\/#primaryimage"},"thumbnailUrl":"https:\/\/ottani.com.br\/es\/wp-content\/uploads\/2024\/11\/manutencao-industrial-home-1.jpg","datePublished":"2024-11-08T20:28:25+00:00","dateModified":"2025-04-28T19:58:01+00:00","description":"Ottani ofrece servicios de mantenimiento industrial, paradas programadas y montaje e instalaci\u00f3n, garantizando confiabilidad y alto rendimiento.","breadcrumb":{"@id":"https:\/\/ottani.com.br\/es\/servicios\/#breadcrumb"},"inLanguage":"pt-BR","potentialAction":[{"@type":"ReadAction","target":["https:\/\/ottani.com.br\/es\/servicios\/"]}]},{"@type":"ImageObject","inLanguage":"pt-BR","@id":"https:\/\/ottani.com.br\/es\/servicios\/#primaryimage","url":"https:\/\/ottani.com.br\/es\/wp-content\/uploads\/2024\/11\/manutencao-industrial-home-1.jpg","contentUrl":"https:\/\/ottani.com.br\/es\/wp-content\/uploads\/2024\/11\/manutencao-industrial-home-1.jpg","width":550,"height":350,"caption":"Mantenimiento industrial"},{"@type":"BreadcrumbList","@id":"https:\/\/ottani.com.br\/es\/servicios\/#breadcrumb","itemListElement":[{"@type":"ListItem","position":1,"name":"In\u00edcio","item":"https:\/\/ottani.com.br\/es\/"},{"@type":"ListItem","position":2,"name":"Servicios"}]},{"@type":"WebSite","@id":"https:\/\/ottani.com.br\/es\/#website","url":"https:\/\/ottani.com.br\/es\/","name":"Ottani","description":"Equipamentos Industriais","potentialAction":[{"@type":"SearchAction","target":{"@type":"EntryPoint","urlTemplate":"https:\/\/ottani.com.br\/es\/?s={search_term_string}"},"query-input":{"@type":"PropertyValueSpecification","valueRequired":true,"valueName":"search_term_string"}}],"inLanguage":"pt-BR"}]}},"_links":{"self":[{"href":"https:\/\/ottani.com.br\/es\/wp-json\/wp\/v2\/pages\/229","targetHints":{"allow":["GET"]}}],"collection":[{"href":"https:\/\/ottani.com.br\/es\/wp-json\/wp\/v2\/pages"}],"about":[{"href":"https:\/\/ottani.com.br\/es\/wp-json\/wp\/v2\/types\/page"}],"author":[{"embeddable":true,"href":"https:\/\/ottani.com.br\/es\/wp-json\/wp\/v2\/users\/1"}],"replies":[{"embeddable":true,"href":"https:\/\/ottani.com.br\/es\/wp-json\/wp\/v2\/comments?post=229"}],"version-history":[{"count":35,"href":"https:\/\/ottani.com.br\/es\/wp-json\/wp\/v2\/pages\/229\/revisions"}],"predecessor-version":[{"id":2665,"href":"https:\/\/ottani.com.br\/es\/wp-json\/wp\/v2\/pages\/229\/revisions\/2665"}],"wp:attachment":[{"href":"https:\/\/ottani.com.br\/es\/wp-json\/wp\/v2\/media?parent=229"}],"curies":[{"name":"wp","href":"https:\/\/api.w.org\/{rel}","templated":true}]}}