{"id":242,"date":"2024-11-08T17:23:58","date_gmt":"2024-11-08T20:23:58","guid":{"rendered":"https:\/\/ottani.com.br\/site\/?page_id=242"},"modified":"2025-04-28T17:13:19","modified_gmt":"2025-04-28T20:13:19","slug":"montaje-e-instalacion","status":"publish","type":"page","link":"https:\/\/ottani.com.br\/es\/montaje-e-instalacion\/","title":{"rendered":"Montaje e Instalaci\u00f3n"},"content":{"rendered":"\t\t<div data-elementor-type=\"wp-page\" data-elementor-id=\"242\" class=\"elementor elementor-242\" data-elementor-post-type=\"page\">\n\t\t\t\t<div class=\"elementor-element elementor-element-2289c11 e-flex e-con-boxed e-con e-parent\" data-id=\"2289c11\" data-element_type=\"container\" data-settings=\"{&quot;background_background&quot;:&quot;classic&quot;}\">\n\t\t\t\t\t<div class=\"e-con-inner\">\n\t\t\t\t<div class=\"elementor-element elementor-element-26cb9db elementor-widget elementor-widget-heading\" data-id=\"26cb9db\" data-element_type=\"widget\" data-widget_type=\"heading.default\">\n\t\t\t\t<div class=\"elementor-widget-container\">\n\t\t\t\t\t<h2 class=\"elementor-heading-title elementor-size-default\">Montaje e instalaci\u00f3n<\/h2>\t\t\t\t<\/div>\n\t\t\t\t<\/div>\n\t\t\t\t\t<\/div>\n\t\t\t\t<\/div>\n\t\t<div class=\"elementor-element elementor-element-efd8e5e e-flex e-con-boxed e-con e-parent\" data-id=\"efd8e5e\" data-element_type=\"container\">\n\t\t\t\t\t<div class=\"e-con-inner\">\n\t\t<div class=\"elementor-element elementor-element-2fab55f e-con-full e-flex e-con e-child\" data-id=\"2fab55f\" data-element_type=\"container\">\n\t\t\t\t<div class=\"elementor-element elementor-element-e8ed5e5 elementor-widget elementor-widget-heading\" data-id=\"e8ed5e5\" data-element_type=\"widget\" data-widget_type=\"heading.default\">\n\t\t\t\t<div class=\"elementor-widget-container\">\n\t\t\t\t\t<h2 class=\"elementor-heading-title elementor-size-default\">Montaje e instalaci\u00f3n industrial con precisi\u00f3n y confiabilidad<\/h2>\t\t\t\t<\/div>\n\t\t\t\t<\/div>\n\t\t\t\t<div class=\"elementor-element elementor-element-c286000 elementor-widget-tablet__width-initial elementor-widget elementor-widget-text-editor\" data-id=\"c286000\" data-element_type=\"widget\" data-widget_type=\"text-editor.default\">\n\t\t\t\t<div class=\"elementor-widget-container\">\n\t\t\t\t\t\t\t\t\t<p class=\"\" data-start=\"117\" data-end=\"679\">El Montaje e Instalaci\u00f3n de equipos industriales por Ottani ofrece una soluci\u00f3n completa e integrada, desde la fabricaci\u00f3n de los equipos hasta su puesta en marcha en las instalaciones de los clientes. Con una planificaci\u00f3n cuidadosa y un equipo especializado, Ottani asegura que todos los componentes sean montados e instalados de acuerdo con las mejores pr\u00e1cticas y normas de seguridad, proporcionando una transici\u00f3n r\u00e1pida y eficiente hacia la operaci\u00f3n del cliente.<\/p><p class=\"\" data-start=\"681\" data-end=\"1090\">Con cuatro d\u00e9cadas de actuaci\u00f3n y experiencia en diferentes segmentos industriales, Ottani est\u00e1 preparada para atender las demandas espec\u00edficas de cada proyecto. Nuestro equipo t\u00e9cnico trabaja de forma colaborativa con los clientes, garantizando que el montaje y la instalaci\u00f3n se ejecuten conforme a las necesidades espec\u00edficas, siempre priorizando la seguridad, la durabilidad y el desempe\u00f1o de los equipos.<\/p>\t\t\t\t\t\t\t\t<\/div>\n\t\t\t\t<\/div>\n\t\t\t\t<\/div>\n\t\t<div class=\"elementor-element elementor-element-5049baf e-con-full e-flex e-con e-child\" data-id=\"5049baf\" data-element_type=\"container\">\n\t\t\t\t<div class=\"elementor-element elementor-element-b134be4 elementor-widget elementor-widget-image\" data-id=\"b134be4\" data-element_type=\"widget\" data-widget_type=\"image.default\">\n\t\t\t\t<div class=\"elementor-widget-container\">\n\t\t\t\t\t\t\t\t\t\t\t\t\t\t\t<img fetchpriority=\"high\" decoding=\"async\" width=\"800\" height=\"512\" src=\"https:\/\/ottani.com.br\/es\/wp-content\/uploads\/2025\/02\/Grupo-5-3-2.jpg\" class=\"attachment-large size-large wp-image-1304\" alt=\"Tanque\" srcset=\"https:\/\/ottani.com.br\/es\/wp-content\/uploads\/2025\/02\/Grupo-5-3-2.jpg 810w, https:\/\/ottani.com.br\/es\/wp-content\/uploads\/2025\/02\/Grupo-5-3-2-300x192.jpg 300w, https:\/\/ottani.com.br\/es\/wp-content\/uploads\/2025\/02\/Grupo-5-3-2-768x491.jpg 768w\" sizes=\"(max-width: 800px) 100vw, 800px\" \/>\t\t\t\t\t\t\t\t\t\t\t\t\t\t\t<\/div>\n\t\t\t\t<\/div>\n\t\t\t\t<div class=\"elementor-element elementor-element-708da59 elementor-mobile-align-justify elementor-align-justify elementor-widget elementor-widget-button\" data-id=\"708da59\" data-element_type=\"widget\" data-widget_type=\"button.default\">\n\t\t\t\t<div class=\"elementor-widget-container\">\n\t\t\t\t\t\t\t\t\t<div class=\"elementor-button-wrapper\">\n\t\t\t\t\t<a class=\"elementor-button elementor-button-link elementor-size-sm\" href=\"https:\/\/ottani.com.br\/es\/contacto\/\">\n\t\t\t\t\t\t<span class=\"elementor-button-content-wrapper\">\n\t\t\t\t\t\t\t\t\t<span class=\"elementor-button-text\">Solicite una cotizaci\u00f3n<\/span>\n\t\t\t\t\t<\/span>\n\t\t\t\t\t<\/a>\n\t\t\t\t<\/div>\n\t\t\t\t\t\t\t\t<\/div>\n\t\t\t\t<\/div>\n\t\t\t\t<\/div>\n\t\t\t\t\t<\/div>\n\t\t\t\t<\/div>\n\t\t<div class=\"elementor-element elementor-element-cacc3dc e-flex e-con-boxed e-con e-parent\" data-id=\"cacc3dc\" data-element_type=\"container\" data-settings=\"{&quot;background_background&quot;:&quot;classic&quot;}\">\n\t\t\t\t\t<div class=\"e-con-inner\">\n\t\t\t\t<div class=\"elementor-element elementor-element-8499022 elementor-widget elementor-widget-heading\" data-id=\"8499022\" data-element_type=\"widget\" data-widget_type=\"heading.default\">\n\t\t\t\t<div class=\"elementor-widget-container\">\n\t\t\t\t\t<h2 class=\"elementor-heading-title elementor-size-default\">Diferenciales<\/h2>\t\t\t\t<\/div>\n\t\t\t\t<\/div>\n\t\t<div class=\"elementor-element elementor-element-36a03af e-con-full e-flex e-con e-child\" data-id=\"36a03af\" data-element_type=\"container\">\n\t\t<div class=\"elementor-element elementor-element-02d0696 e-con-full e-flex e-con e-child\" data-id=\"02d0696\" data-element_type=\"container\" data-settings=\"{&quot;background_background&quot;:&quot;classic&quot;}\">\n\t\t\t\t<div class=\"elementor-element elementor-element-3fa3441 elementor-widget elementor-widget-heading\" data-id=\"3fa3441\" data-element_type=\"widget\" data-widget_type=\"heading.default\">\n\t\t\t\t<div class=\"elementor-widget-container\">\n\t\t\t\t\t<h3 class=\"elementor-heading-title elementor-size-default\">Soluciones completas<\/h3>\t\t\t\t<\/div>\n\t\t\t\t<\/div>\n\t\t\t\t<div class=\"elementor-element elementor-element-16962e5 elementor-widget-tablet__width-initial elementor-widget elementor-widget-text-editor\" data-id=\"16962e5\" data-element_type=\"widget\" data-widget_type=\"text-editor.default\">\n\t\t\t\t<div class=\"elementor-widget-container\">\n\t\t\t\t\t\t\t\t\t<p>Desde el transporte de los equipos hasta el montaje final, Ottani se encarga de todas las etapas del proceso de instalaci\u00f3n, garantizando una soluci\u00f3n completa para nuestros clientes.<\/p>\t\t\t\t\t\t\t\t<\/div>\n\t\t\t\t<\/div>\n\t\t\t\t<\/div>\n\t\t<div class=\"elementor-element elementor-element-594adce e-con-full e-flex e-con e-child\" data-id=\"594adce\" data-element_type=\"container\" data-settings=\"{&quot;background_background&quot;:&quot;classic&quot;}\">\n\t\t\t\t<div class=\"elementor-element elementor-element-13db22b elementor-widget elementor-widget-heading\" data-id=\"13db22b\" data-element_type=\"widget\" data-widget_type=\"heading.default\">\n\t\t\t\t<div class=\"elementor-widget-container\">\n\t\t\t\t\t<h3 class=\"elementor-heading-title elementor-size-default\">Equipo especializado<\/h3>\t\t\t\t<\/div>\n\t\t\t\t<\/div>\n\t\t\t\t<div class=\"elementor-element elementor-element-925c6fb elementor-widget-tablet__width-initial elementor-widget elementor-widget-text-editor\" data-id=\"925c6fb\" data-element_type=\"widget\" data-widget_type=\"text-editor.default\">\n\t\t\t\t<div class=\"elementor-widget-container\">\n\t\t\t\t\t\t\t\t\t<p>Nuestros profesionales est\u00e1n altamente calificados en el montaje e instalaci\u00f3n de equipos industriales, asegurando la m\u00e1xima calidad y precisi\u00f3n en cada proyecto.<\/p>\t\t\t\t\t\t\t\t<\/div>\n\t\t\t\t<\/div>\n\t\t\t\t<\/div>\n\t\t<div class=\"elementor-element elementor-element-f44878e e-con-full e-flex e-con e-child\" data-id=\"f44878e\" data-element_type=\"container\" data-settings=\"{&quot;background_background&quot;:&quot;classic&quot;}\">\n\t\t\t\t<div class=\"elementor-element elementor-element-aeaff19 elementor-widget elementor-widget-heading\" data-id=\"aeaff19\" data-element_type=\"widget\" data-widget_type=\"heading.default\">\n\t\t\t\t<div class=\"elementor-widget-container\">\n\t\t\t\t\t<h3 class=\"elementor-heading-title elementor-size-default\">Seguridad y conformidad<\/h3>\t\t\t\t<\/div>\n\t\t\t\t<\/div>\n\t\t\t\t<div class=\"elementor-element elementor-element-7c19f24 elementor-widget-tablet__width-initial elementor-widget elementor-widget-text-editor\" data-id=\"7c19f24\" data-element_type=\"widget\" data-widget_type=\"text-editor.default\">\n\t\t\t\t<div class=\"elementor-widget-container\">\n\t\t\t\t\t\t\t\t\t<p>Todos los procesos siguen rigurosamente las normas y certificaciones de seguridad nacionales e internacionales, asegurando confiabilidad para nuestros clientes.<\/p>\t\t\t\t\t\t\t\t<\/div>\n\t\t\t\t<\/div>\n\t\t\t\t<\/div>\n\t\t\t\t<\/div>\n\t\t\t\t\t<\/div>\n\t\t\t\t<\/div>\n\t\t<div class=\"elementor-element elementor-element-3682965 e-flex e-con-boxed e-con e-parent\" data-id=\"3682965\" data-element_type=\"container\" data-settings=\"{&quot;background_background&quot;:&quot;classic&quot;}\">\n\t\t\t\t\t<div class=\"e-con-inner\">\n\t\t\t\t<div class=\"elementor-element elementor-element-1473d68 elementor-widget elementor-widget-heading\" data-id=\"1473d68\" data-element_type=\"widget\" data-widget_type=\"heading.default\">\n\t\t\t\t<div class=\"elementor-widget-container\">\n\t\t\t\t\t<h2 class=\"elementor-heading-title elementor-size-default\">Servicios relacionados<\/h2>\t\t\t\t<\/div>\n\t\t\t\t<\/div>\n\t\t<div class=\"elementor-element elementor-element-fca801b e-con-full e-flex e-con e-child\" data-id=\"fca801b\" data-element_type=\"container\">\n\t\t<div class=\"elementor-element elementor-element-a4c6d86 e-con-full e-flex e-con e-child\" data-id=\"a4c6d86\" data-element_type=\"container\" data-settings=\"{&quot;background_background&quot;:&quot;classic&quot;}\">\n\t\t\t\t<div class=\"elementor-element elementor-element-60474f1 elementor-widget elementor-widget-image\" data-id=\"60474f1\" data-element_type=\"widget\" data-widget_type=\"image.default\">\n\t\t\t\t<div class=\"elementor-widget-container\">\n\t\t\t\t\t\t\t\t\t\t\t\t\t\t\t\t<a href=\"https:\/\/ottani.com.br\/es\/montagem-e-instalacao\/\">\n\t\t\t\t\t\t\t<img decoding=\"async\" width=\"550\" height=\"350\" src=\"https:\/\/ottani.com.br\/es\/wp-content\/uploads\/2024\/11\/manutencao-industrial-home-1.jpg\" class=\"attachment-large size-large wp-image-330\" alt=\"Mantenimiento industrial\" srcset=\"https:\/\/ottani.com.br\/es\/wp-content\/uploads\/2024\/11\/manutencao-industrial-home-1.jpg 550w, https:\/\/ottani.com.br\/es\/wp-content\/uploads\/2024\/11\/manutencao-industrial-home-1-300x191.jpg 300w\" sizes=\"(max-width: 550px) 100vw, 550px\" \/>\t\t\t\t\t\t\t\t<\/a>\n\t\t\t\t\t\t\t\t\t\t\t\t\t\t\t<\/div>\n\t\t\t\t<\/div>\n\t\t\t\t<div class=\"elementor-element elementor-element-59d2033 elementor-widget elementor-widget-heading\" data-id=\"59d2033\" data-element_type=\"widget\" data-widget_type=\"heading.default\">\n\t\t\t\t<div class=\"elementor-widget-container\">\n\t\t\t\t\t<h2 class=\"elementor-heading-title elementor-size-default\">Mantenimiento industrial<\/h2>\t\t\t\t<\/div>\n\t\t\t\t<\/div>\n\t\t\t\t<div class=\"elementor-element elementor-element-ba0a550 elementor-widget elementor-widget-text-editor\" data-id=\"ba0a550\" data-element_type=\"widget\" data-widget_type=\"text-editor.default\">\n\t\t\t\t<div class=\"elementor-widget-container\">\n\t\t\t\t\t\t\t\t\t<p>Mantenimiento industrial planificado y correctivo, preservando la confiabilidad de los equipos y el alto desempe\u00f1o productivo.<\/p>\t\t\t\t\t\t\t\t<\/div>\n\t\t\t\t<\/div>\n\t\t\t\t<div class=\"elementor-element elementor-element-5a61a17 elementor-align-justify elementor-widget elementor-widget-button\" data-id=\"5a61a17\" data-element_type=\"widget\" data-widget_type=\"button.default\">\n\t\t\t\t<div class=\"elementor-widget-container\">\n\t\t\t\t\t\t\t\t\t<div class=\"elementor-button-wrapper\">\n\t\t\t\t\t<a class=\"elementor-button elementor-button-link elementor-size-sm\" href=\"https:\/\/ottani.com.br\/es\/mantenimiento-industrial\/\">\n\t\t\t\t\t\t<span class=\"elementor-button-content-wrapper\">\n\t\t\t\t\t\t\t\t\t<span class=\"elementor-button-text\">M\u00e1s informaci\u00f3n<\/span>\n\t\t\t\t\t<\/span>\n\t\t\t\t\t<\/a>\n\t\t\t\t<\/div>\n\t\t\t\t\t\t\t\t<\/div>\n\t\t\t\t<\/div>\n\t\t\t\t<\/div>\n\t\t<div class=\"elementor-element elementor-element-47f7b35 e-con-full e-flex e-con e-child\" data-id=\"47f7b35\" data-element_type=\"container\" data-settings=\"{&quot;background_background&quot;:&quot;classic&quot;}\">\n\t\t\t\t<div class=\"elementor-element elementor-element-aa7e8e2 elementor-widget elementor-widget-image\" data-id=\"aa7e8e2\" data-element_type=\"widget\" data-widget_type=\"image.default\">\n\t\t\t\t<div class=\"elementor-widget-container\">\n\t\t\t\t\t\t\t\t\t\t\t\t\t\t\t\t<a href=\"https:\/\/ottani.com.br\/es\/parada-programada\/\">\n\t\t\t\t\t\t\t<img decoding=\"async\" width=\"800\" height=\"512\" src=\"https:\/\/ottani.com.br\/es\/wp-content\/uploads\/2025\/02\/Fabricacao-e-Montagem-Rosca-Caldeira-2.jpg\" class=\"attachment-large size-large wp-image-1303\" alt=\"Instalaci\u00f3n de rosca helicoidal\" srcset=\"https:\/\/ottani.com.br\/es\/wp-content\/uploads\/2025\/02\/Fabricacao-e-Montagem-Rosca-Caldeira-2.jpg 810w, https:\/\/ottani.com.br\/es\/wp-content\/uploads\/2025\/02\/Fabricacao-e-Montagem-Rosca-Caldeira-2-300x192.jpg 300w, https:\/\/ottani.com.br\/es\/wp-content\/uploads\/2025\/02\/Fabricacao-e-Montagem-Rosca-Caldeira-2-768x491.jpg 768w\" sizes=\"(max-width: 800px) 100vw, 800px\" \/>\t\t\t\t\t\t\t\t<\/a>\n\t\t\t\t\t\t\t\t\t\t\t\t\t\t\t<\/div>\n\t\t\t\t<\/div>\n\t\t\t\t<div class=\"elementor-element elementor-element-23b88f9 elementor-widget elementor-widget-heading\" data-id=\"23b88f9\" data-element_type=\"widget\" data-widget_type=\"heading.default\">\n\t\t\t\t<div class=\"elementor-widget-container\">\n\t\t\t\t\t<h2 class=\"elementor-heading-title elementor-size-default\">Paradas programadas<\/h2>\t\t\t\t<\/div>\n\t\t\t\t<\/div>\n\t\t\t\t<div class=\"elementor-element elementor-element-df3e64a elementor-widget elementor-widget-text-editor\" data-id=\"df3e64a\" data-element_type=\"widget\" data-widget_type=\"text-editor.default\">\n\t\t\t\t<div class=\"elementor-widget-container\">\n\t\t\t\t\t\t\t\t\t<p>Planificaci\u00f3n y ejecuci\u00f3n de paradas programadas, minimizando impactos y garantizando condiciones ideales de operaci\u00f3n.<\/p>\t\t\t\t\t\t\t\t<\/div>\n\t\t\t\t<\/div>\n\t\t\t\t<div class=\"elementor-element elementor-element-4d23ad6 elementor-align-justify elementor-widget elementor-widget-button\" data-id=\"4d23ad6\" data-element_type=\"widget\" data-widget_type=\"button.default\">\n\t\t\t\t<div class=\"elementor-widget-container\">\n\t\t\t\t\t\t\t\t\t<div class=\"elementor-button-wrapper\">\n\t\t\t\t\t<a class=\"elementor-button elementor-button-link elementor-size-sm\" href=\"https:\/\/ottani.com.br\/es\/parada-programada\/\">\n\t\t\t\t\t\t<span class=\"elementor-button-content-wrapper\">\n\t\t\t\t\t\t\t\t\t<span class=\"elementor-button-text\">M\u00e1s informaci\u00f3n<\/span>\n\t\t\t\t\t<\/span>\n\t\t\t\t\t<\/a>\n\t\t\t\t<\/div>\n\t\t\t\t\t\t\t\t<\/div>\n\t\t\t\t<\/div>\n\t\t\t\t<\/div>\n\t\t\t\t<\/div>\n\t\t\t\t\t<\/div>\n\t\t\t\t<\/div>\n\t\t<div class=\"elementor-element elementor-element-a12552f e-flex e-con-boxed e-con e-parent\" data-id=\"a12552f\" data-element_type=\"container\" data-settings=\"{&quot;background_background&quot;:&quot;classic&quot;}\">\n\t\t\t\t\t<div class=\"e-con-inner\">\n\t\t\t\t<div class=\"elementor-element elementor-element-95bf976 elementor-widget__width-initial elementor-widget-tablet__width-initial elementor-widget elementor-widget-heading\" data-id=\"95bf976\" data-element_type=\"widget\" data-widget_type=\"heading.default\">\n\t\t\t\t<div class=\"elementor-widget-container\">\n\t\t\t\t\t<h2 class=\"elementor-heading-title elementor-size-default\">Conozca m\u00e1s sobre nuestras soluciones en equipos industriales.<\/h2>\t\t\t\t<\/div>\n\t\t\t\t<\/div>\n\t\t\t\t<div class=\"elementor-element elementor-element-97601b4 elementor-mobile-align-justify elementor-widget elementor-widget-button\" data-id=\"97601b4\" data-element_type=\"widget\" data-widget_type=\"button.default\">\n\t\t\t\t<div class=\"elementor-widget-container\">\n\t\t\t\t\t\t\t\t\t<div class=\"elementor-button-wrapper\">\n\t\t\t\t\t<a class=\"elementor-button elementor-button-link elementor-size-sm elementor-animation-grow\" href=\"https:\/\/ottani.com.br\/es\/contacto\/\">\n\t\t\t\t\t\t<span class=\"elementor-button-content-wrapper\">\n\t\t\t\t\t\t\t\t\t<span class=\"elementor-button-text\">M\u00e1s informaci\u00f3n<\/span>\n\t\t\t\t\t<\/span>\n\t\t\t\t\t<\/a>\n\t\t\t\t<\/div>\n\t\t\t\t\t\t\t\t<\/div>\n\t\t\t\t<\/div>\n\t\t\t\t\t<\/div>\n\t\t\t\t<\/div>\n\t\t\t\t<\/div>\n\t\t","protected":false},"excerpt":{"rendered":"<p>Montaje e instalaci\u00f3n Montaje e instalaci\u00f3n industrial con precisi\u00f3n y confiabilidad El Montaje e Instalaci\u00f3n de equipos industriales por Ottani ofrece una soluci\u00f3n completa e integrada, desde la fabricaci\u00f3n de los equipos hasta su puesta en marcha en las instalaciones de los clientes. Con una planificaci\u00f3n cuidadosa y un equipo especializado, Ottani asegura que todos [&hellip;]<\/p>\n","protected":false},"author":1,"featured_media":0,"parent":0,"menu_order":0,"comment_status":"closed","ping_status":"closed","template":"","meta":{"footnotes":""},"class_list":["post-242","page","type-page","status-publish","hentry"],"yoast_head":"<!-- This site is optimized with the Yoast SEO plugin v27.5 - https:\/\/yoast.com\/product\/yoast-seo-wordpress\/ -->\n<title>Montaje e Instalaci\u00f3n - Ottani<\/title>\n<meta name=\"description\" content=\"Montaje e instalaci\u00f3n de equipos industriales con precisi\u00f3n y seguridad, garantizando una integraci\u00f3n eficiente y un alto desempe\u00f1o operativo.\" \/>\n<meta name=\"robots\" content=\"index, follow, max-snippet:-1, max-image-preview:large, max-video-preview:-1\" \/>\n<link rel=\"canonical\" href=\"https:\/\/ottani.com.br\/es\/montaje-e-instalacion\/\" \/>\n<meta property=\"og:locale\" content=\"pt_BR\" \/>\n<meta property=\"og:type\" content=\"article\" \/>\n<meta property=\"og:title\" content=\"Montaje e Instalaci\u00f3n - Ottani\" \/>\n<meta property=\"og:description\" content=\"Montaje e instalaci\u00f3n de equipos industriales con precisi\u00f3n y seguridad, garantizando una integraci\u00f3n eficiente y un alto desempe\u00f1o operativo.\" \/>\n<meta property=\"og:url\" content=\"https:\/\/ottani.com.br\/es\/montaje-e-instalacion\/\" \/>\n<meta property=\"og:site_name\" content=\"Ottani\" \/>\n<meta property=\"article:publisher\" content=\"https:\/\/www.facebook.com\/ottani.industria\" \/>\n<meta property=\"article:modified_time\" content=\"2025-04-28T20:13:19+00:00\" \/>\n<meta property=\"og:image\" content=\"https:\/\/ottani.com.br\/es\/wp-content\/uploads\/2025\/03\/thumbnail-ottani-scaled.jpg\" \/>\n\t<meta property=\"og:image:width\" content=\"2560\" \/>\n\t<meta property=\"og:image:height\" content=\"1440\" \/>\n\t<meta property=\"og:image:type\" content=\"image\/jpeg\" \/>\n<meta name=\"twitter:card\" content=\"summary_large_image\" \/>\n<meta name=\"twitter:label1\" content=\"Est. tempo de leitura\" \/>\n\t<meta name=\"twitter:data1\" content=\"3 minutos\" \/>\n<script type=\"application\/ld+json\" class=\"yoast-schema-graph\">{\"@context\":\"https:\\\/\\\/schema.org\",\"@graph\":[{\"@type\":\"WebPage\",\"@id\":\"https:\\\/\\\/ottani.com.br\\\/es\\\/montaje-e-instalacion\\\/\",\"url\":\"https:\\\/\\\/ottani.com.br\\\/es\\\/montaje-e-instalacion\\\/\",\"name\":\"Montaje e Instalaci\u00f3n - Ottani\",\"isPartOf\":{\"@id\":\"https:\\\/\\\/ottani.com.br\\\/es\\\/#website\"},\"primaryImageOfPage\":{\"@id\":\"https:\\\/\\\/ottani.com.br\\\/es\\\/montaje-e-instalacion\\\/#primaryimage\"},\"image\":{\"@id\":\"https:\\\/\\\/ottani.com.br\\\/es\\\/montaje-e-instalacion\\\/#primaryimage\"},\"thumbnailUrl\":\"https:\\\/\\\/ottani.com.br\\\/es\\\/wp-content\\\/uploads\\\/2025\\\/02\\\/Grupo-5-3-2.jpg\",\"datePublished\":\"2024-11-08T20:23:58+00:00\",\"dateModified\":\"2025-04-28T20:13:19+00:00\",\"description\":\"Montaje e instalaci\u00f3n de equipos industriales con precisi\u00f3n y seguridad, garantizando una integraci\u00f3n eficiente y un alto desempe\u00f1o operativo.\",\"breadcrumb\":{\"@id\":\"https:\\\/\\\/ottani.com.br\\\/es\\\/montaje-e-instalacion\\\/#breadcrumb\"},\"inLanguage\":\"pt-BR\",\"potentialAction\":[{\"@type\":\"ReadAction\",\"target\":[\"https:\\\/\\\/ottani.com.br\\\/es\\\/montaje-e-instalacion\\\/\"]}]},{\"@type\":\"ImageObject\",\"inLanguage\":\"pt-BR\",\"@id\":\"https:\\\/\\\/ottani.com.br\\\/es\\\/montaje-e-instalacion\\\/#primaryimage\",\"url\":\"https:\\\/\\\/ottani.com.br\\\/es\\\/wp-content\\\/uploads\\\/2025\\\/02\\\/Grupo-5-3-2.jpg\",\"contentUrl\":\"https:\\\/\\\/ottani.com.br\\\/es\\\/wp-content\\\/uploads\\\/2025\\\/02\\\/Grupo-5-3-2.jpg\",\"width\":810,\"height\":518,\"caption\":\"Tanque\"},{\"@type\":\"BreadcrumbList\",\"@id\":\"https:\\\/\\\/ottani.com.br\\\/es\\\/montaje-e-instalacion\\\/#breadcrumb\",\"itemListElement\":[{\"@type\":\"ListItem\",\"position\":1,\"name\":\"In\u00edcio\",\"item\":\"https:\\\/\\\/ottani.com.br\\\/es\\\/\"},{\"@type\":\"ListItem\",\"position\":2,\"name\":\"Montaje e Instalaci\u00f3n\"}]},{\"@type\":\"WebSite\",\"@id\":\"https:\\\/\\\/ottani.com.br\\\/es\\\/#website\",\"url\":\"https:\\\/\\\/ottani.com.br\\\/es\\\/\",\"name\":\"Ottani\",\"description\":\"Equipamentos Industriais\",\"potentialAction\":[{\"@type\":\"SearchAction\",\"target\":{\"@type\":\"EntryPoint\",\"urlTemplate\":\"https:\\\/\\\/ottani.com.br\\\/es\\\/?s={search_term_string}\"},\"query-input\":{\"@type\":\"PropertyValueSpecification\",\"valueRequired\":true,\"valueName\":\"search_term_string\"}}],\"inLanguage\":\"pt-BR\"}]}<\/script>\n<!-- \/ Yoast SEO plugin. -->","yoast_head_json":{"title":"Montaje e Instalaci\u00f3n - Ottani","description":"Montaje e instalaci\u00f3n de equipos industriales con precisi\u00f3n y seguridad, garantizando una integraci\u00f3n eficiente y un alto desempe\u00f1o operativo.","robots":{"index":"index","follow":"follow","max-snippet":"max-snippet:-1","max-image-preview":"max-image-preview:large","max-video-preview":"max-video-preview:-1"},"canonical":"https:\/\/ottani.com.br\/es\/montaje-e-instalacion\/","og_locale":"pt_BR","og_type":"article","og_title":"Montaje e Instalaci\u00f3n - Ottani","og_description":"Montaje e instalaci\u00f3n de equipos industriales con precisi\u00f3n y seguridad, garantizando una integraci\u00f3n eficiente y un alto desempe\u00f1o operativo.","og_url":"https:\/\/ottani.com.br\/es\/montaje-e-instalacion\/","og_site_name":"Ottani","article_publisher":"https:\/\/www.facebook.com\/ottani.industria","article_modified_time":"2025-04-28T20:13:19+00:00","og_image":[{"width":2560,"height":1440,"url":"https:\/\/ottani.com.br\/es\/wp-content\/uploads\/2025\/03\/thumbnail-ottani-scaled.jpg","type":"image\/jpeg"}],"twitter_card":"summary_large_image","twitter_misc":{"Est. tempo de leitura":"3 minutos"},"schema":{"@context":"https:\/\/schema.org","@graph":[{"@type":"WebPage","@id":"https:\/\/ottani.com.br\/es\/montaje-e-instalacion\/","url":"https:\/\/ottani.com.br\/es\/montaje-e-instalacion\/","name":"Montaje e Instalaci\u00f3n - Ottani","isPartOf":{"@id":"https:\/\/ottani.com.br\/es\/#website"},"primaryImageOfPage":{"@id":"https:\/\/ottani.com.br\/es\/montaje-e-instalacion\/#primaryimage"},"image":{"@id":"https:\/\/ottani.com.br\/es\/montaje-e-instalacion\/#primaryimage"},"thumbnailUrl":"https:\/\/ottani.com.br\/es\/wp-content\/uploads\/2025\/02\/Grupo-5-3-2.jpg","datePublished":"2024-11-08T20:23:58+00:00","dateModified":"2025-04-28T20:13:19+00:00","description":"Montaje e instalaci\u00f3n de equipos industriales con precisi\u00f3n y seguridad, garantizando una integraci\u00f3n eficiente y un alto desempe\u00f1o operativo.","breadcrumb":{"@id":"https:\/\/ottani.com.br\/es\/montaje-e-instalacion\/#breadcrumb"},"inLanguage":"pt-BR","potentialAction":[{"@type":"ReadAction","target":["https:\/\/ottani.com.br\/es\/montaje-e-instalacion\/"]}]},{"@type":"ImageObject","inLanguage":"pt-BR","@id":"https:\/\/ottani.com.br\/es\/montaje-e-instalacion\/#primaryimage","url":"https:\/\/ottani.com.br\/es\/wp-content\/uploads\/2025\/02\/Grupo-5-3-2.jpg","contentUrl":"https:\/\/ottani.com.br\/es\/wp-content\/uploads\/2025\/02\/Grupo-5-3-2.jpg","width":810,"height":518,"caption":"Tanque"},{"@type":"BreadcrumbList","@id":"https:\/\/ottani.com.br\/es\/montaje-e-instalacion\/#breadcrumb","itemListElement":[{"@type":"ListItem","position":1,"name":"In\u00edcio","item":"https:\/\/ottani.com.br\/es\/"},{"@type":"ListItem","position":2,"name":"Montaje e Instalaci\u00f3n"}]},{"@type":"WebSite","@id":"https:\/\/ottani.com.br\/es\/#website","url":"https:\/\/ottani.com.br\/es\/","name":"Ottani","description":"Equipamentos Industriais","potentialAction":[{"@type":"SearchAction","target":{"@type":"EntryPoint","urlTemplate":"https:\/\/ottani.com.br\/es\/?s={search_term_string}"},"query-input":{"@type":"PropertyValueSpecification","valueRequired":true,"valueName":"search_term_string"}}],"inLanguage":"pt-BR"}]}},"_links":{"self":[{"href":"https:\/\/ottani.com.br\/es\/wp-json\/wp\/v2\/pages\/242","targetHints":{"allow":["GET"]}}],"collection":[{"href":"https:\/\/ottani.com.br\/es\/wp-json\/wp\/v2\/pages"}],"about":[{"href":"https:\/\/ottani.com.br\/es\/wp-json\/wp\/v2\/types\/page"}],"author":[{"embeddable":true,"href":"https:\/\/ottani.com.br\/es\/wp-json\/wp\/v2\/users\/1"}],"replies":[{"embeddable":true,"href":"https:\/\/ottani.com.br\/es\/wp-json\/wp\/v2\/comments?post=242"}],"version-history":[{"count":38,"href":"https:\/\/ottani.com.br\/es\/wp-json\/wp\/v2\/pages\/242\/revisions"}],"predecessor-version":[{"id":2690,"href":"https:\/\/ottani.com.br\/es\/wp-json\/wp\/v2\/pages\/242\/revisions\/2690"}],"wp:attachment":[{"href":"https:\/\/ottani.com.br\/es\/wp-json\/wp\/v2\/media?parent=242"}],"curies":[{"name":"wp","href":"https:\/\/api.w.org\/{rel}","templated":true}]}}